{"id":500,"date":"2025-08-28T12:07:47","date_gmt":"2025-08-28T10:07:47","guid":{"rendered":"https:\/\/www.archersdemoreuil.fr\/?page_id=500"},"modified":"2025-08-28T12:07:47","modified_gmt":"2025-08-28T10:07:47","slug":"politique-de-confidentialite-2","status":"publish","type":"page","link":"https:\/\/www.archersdemoreuil.fr\/index.php\/politique-de-confidentialite-2\/","title":{"rendered":"Politique de confidentialit\u00e9"},"content":{"rendered":"\n<p><strong>1. Collecte des donn\u00e9es<\/strong><br>Lors de votre visite sur ce site, certaines donn\u00e9es peuvent \u00eatre collect\u00e9es automatiquement (adresse IP, type de navigateur, temps de consultation, etc.).<br>Lorsque vous nous contactez via un formulaire ou par email, vous pouvez \u00eatre amen\u00e9 \u00e0 fournir des donn\u00e9es personnelles (nom, pr\u00e9nom, email, t\u00e9l\u00e9phone).<\/p>\n\n\n\n<p><strong>2. Finalit\u00e9 des traitements<\/strong><br>Les donn\u00e9es collect\u00e9es sont utilis\u00e9es uniquement pour :<\/p>\n\n\n\n<ul class=\"wp-block-list\">\n<li>R\u00e9pondre \u00e0 vos demandes de contact,<\/li>\n\n\n\n<li>G\u00e9rer les inscriptions aux activit\u00e9s ou comp\u00e9titions,<\/li>\n\n\n\n<li>Informer sur la vie du club.<\/li>\n<\/ul>\n\n\n\n<p><strong>3. Conservation des donn\u00e9es<\/strong><br>Les donn\u00e9es sont conserv\u00e9es uniquement le temps n\u00e9cessaire \u00e0 leur traitement administratif ou \u00e0 la gestion de la relation avec les adh\u00e9rents.<\/p>\n\n\n\n<p><strong>4. Partage des donn\u00e9es<\/strong><br>Les donn\u00e9es ne sont jamais revendues ni partag\u00e9es \u00e0 des tiers, sauf obligations l\u00e9gales (ex. autorit\u00e9s comp\u00e9tentes).<\/p>\n\n\n\n<p><strong>5. Droits des utilisateurs<\/strong><br>Conform\u00e9ment au RGPD et \u00e0 la loi \u201cInformatique et Libert\u00e9s\u201d, vous disposez d\u2019un droit d\u2019acc\u00e8s, de rectification, d\u2019opposition et de suppression de vos donn\u00e9es.<br>Pour exercer vos droits :<\/p>\n\n\n\n<ul class=\"wp-block-list\">\n<li>Par email : [adresse email du club]<\/li>\n\n\n\n<li>Par courrier : Compagnie des Archers de Moreuil \u2013 71, rue Victor Gaillard \u2013 80110 Moreuil<\/li>\n<\/ul>\n\n\n\n<p><strong>6. Cookies<\/strong><br>Le site peut utiliser des cookies n\u00e9cessaires \u00e0 son fonctionnement ou \u00e0 l\u2019analyse statistique des visites. Vous pouvez param\u00e9trer votre navigateur pour refuser ou limiter leur utilisation.<\/p>\n","protected":false},"excerpt":{"rendered":"<p>1. Collecte des donn\u00e9esLors de votre visite sur ce site, certaines donn\u00e9es peuvent \u00eatre collect\u00e9es automatiquement (adresse IP, type de navigateur, temps de consultation, etc.).Lorsque vous nous contactez via un formulaire ou par email, vous pouvez \u00eatre amen\u00e9 \u00e0 fournir des donn\u00e9es personnelles (nom, pr\u00e9nom, email, t\u00e9l\u00e9phone). 2. Finalit\u00e9 des traitementsLes donn\u00e9es collect\u00e9es sont utilis\u00e9es uniquement pour : 3. Conservation des donn\u00e9esLes donn\u00e9es sont conserv\u00e9es uniquement le temps n\u00e9cessaire \u00e0 leur traitement administratif ou \u00e0 la gestion de la relation avec les adh\u00e9rents. 4. Partage des donn\u00e9esLes donn\u00e9es ne sont jamais revendues ni partag\u00e9es \u00e0 des tiers, sauf obligations l\u00e9gales (ex. autorit\u00e9s comp\u00e9tentes). 5. Droits des utilisateursConform\u00e9ment au RGPD et \u00e0 la loi \u201cInformatique et Libert\u00e9s\u201d, vous disposez d\u2019un droit d\u2019acc\u00e8s, de rectification, d\u2019opposition et de suppression de vos donn\u00e9es.Pour exercer vos droits : 6. CookiesLe site peut utiliser des cookies n\u00e9cessaires \u00e0 son fonctionnement ou \u00e0 l\u2019analyse statistique des visites. Vous pouvez param\u00e9trer votre navigateur pour refuser ou limiter leur utilisation.<\/p>\n","protected":false},"author":1,"featured_media":0,"parent":0,"menu_order":0,"comment_status":"closed","ping_status":"closed","template":"","meta":{"_monsterinsights_skip_tracking":false,"_monsterinsights_sitenote_active":false,"_monsterinsights_sitenote_note":"","_monsterinsights_sitenote_category":0,"footnotes":""},"class_list":["post-500","page","type-page","status-publish","hentry"],"yoast_head":"<!-- This site is optimized with the Yoast SEO plugin v27.3 - https:\/\/yoast.com\/product\/yoast-seo-wordpress\/ -->\n<title>Politique de confidentialit\u00e9 - WordPress<\/title>\n<meta name=\"robots\" content=\"index, follow, max-snippet:-1, max-image-preview:large, max-video-preview:-1\" \/>\n<link rel=\"canonical\" href=\"https:\/\/www.archersdemoreuil.fr\/index.php\/politique-de-confidentialite-2\/\" \/>\n<meta property=\"og:locale\" content=\"en_US\" \/>\n<meta property=\"og:type\" content=\"article\" \/>\n<meta property=\"og:title\" content=\"Politique de confidentialit\u00e9 - WordPress\" \/>\n<meta property=\"og:description\" content=\"1. Collecte des donn\u00e9esLors de votre visite sur ce site, certaines donn\u00e9es peuvent \u00eatre collect\u00e9es automatiquement (adresse IP, type de navigateur, temps de consultation, etc.).Lorsque vous nous contactez via un formulaire ou par email, vous pouvez \u00eatre amen\u00e9 \u00e0 fournir des donn\u00e9es personnelles (nom, pr\u00e9nom, email, t\u00e9l\u00e9phone). 2. Finalit\u00e9 des traitementsLes donn\u00e9es collect\u00e9es sont utilis\u00e9es uniquement pour : 3. Conservation des donn\u00e9esLes donn\u00e9es sont conserv\u00e9es uniquement le temps n\u00e9cessaire \u00e0 leur traitement administratif ou \u00e0 la gestion de la relation avec les adh\u00e9rents. 4. Partage des donn\u00e9esLes donn\u00e9es ne sont jamais revendues ni partag\u00e9es \u00e0 des tiers, sauf obligations l\u00e9gales (ex. autorit\u00e9s comp\u00e9tentes). 5. Droits des utilisateursConform\u00e9ment au RGPD et \u00e0 la loi \u201cInformatique et Libert\u00e9s\u201d, vous disposez d\u2019un droit d\u2019acc\u00e8s, de rectification, d\u2019opposition et de suppression de vos donn\u00e9es.Pour exercer vos droits : 6. CookiesLe site peut utiliser des cookies n\u00e9cessaires \u00e0 son fonctionnement ou \u00e0 l\u2019analyse statistique des visites. Vous pouvez param\u00e9trer votre navigateur pour refuser ou limiter leur utilisation.\" \/>\n<meta property=\"og:url\" content=\"https:\/\/www.archersdemoreuil.fr\/index.php\/politique-de-confidentialite-2\/\" \/>\n<meta property=\"og:site_name\" content=\"WordPress\" \/>\n<meta name=\"twitter:card\" content=\"summary_large_image\" \/>\n<meta name=\"twitter:label1\" content=\"Est. reading time\" \/>\n\t<meta name=\"twitter:data1\" content=\"2 minutes\" \/>\n<script type=\"application\/ld+json\" class=\"yoast-schema-graph\">{\"@context\":\"https:\\\/\\\/schema.org\",\"@graph\":[{\"@type\":\"WebPage\",\"@id\":\"https:\\\/\\\/www.archersdemoreuil.fr\\\/index.php\\\/politique-de-confidentialite-2\\\/\",\"url\":\"https:\\\/\\\/www.archersdemoreuil.fr\\\/index.php\\\/politique-de-confidentialite-2\\\/\",\"name\":\"Politique de confidentialit\u00e9 - WordPress\",\"isPartOf\":{\"@id\":\"https:\\\/\\\/www.archersdemoreuil.fr\\\/#website\"},\"datePublished\":\"2025-08-28T10:07:47+00:00\",\"breadcrumb\":{\"@id\":\"https:\\\/\\\/www.archersdemoreuil.fr\\\/index.php\\\/politique-de-confidentialite-2\\\/#breadcrumb\"},\"inLanguage\":\"en-US\",\"potentialAction\":[{\"@type\":\"ReadAction\",\"target\":[\"https:\\\/\\\/www.archersdemoreuil.fr\\\/index.php\\\/politique-de-confidentialite-2\\\/\"]}]},{\"@type\":\"BreadcrumbList\",\"@id\":\"https:\\\/\\\/www.archersdemoreuil.fr\\\/index.php\\\/politique-de-confidentialite-2\\\/#breadcrumb\",\"itemListElement\":[{\"@type\":\"ListItem\",\"position\":1,\"name\":\"Accueil\",\"item\":\"https:\\\/\\\/www.archersdemoreuil.fr\\\/\"},{\"@type\":\"ListItem\",\"position\":2,\"name\":\"Politique de confidentialit\u00e9\"}]},{\"@type\":\"WebSite\",\"@id\":\"https:\\\/\\\/www.archersdemoreuil.fr\\\/#website\",\"url\":\"https:\\\/\\\/www.archersdemoreuil.fr\\\/\",\"name\":\"WordPress\",\"description\":\"Un site utilisant WordPress\",\"potentialAction\":[{\"@type\":\"SearchAction\",\"target\":{\"@type\":\"EntryPoint\",\"urlTemplate\":\"https:\\\/\\\/www.archersdemoreuil.fr\\\/?s={search_term_string}\"},\"query-input\":{\"@type\":\"PropertyValueSpecification\",\"valueRequired\":true,\"valueName\":\"search_term_string\"}}],\"inLanguage\":\"en-US\"}]}<\/script>\n<!-- \/ Yoast SEO plugin. -->","yoast_head_json":{"title":"Politique de confidentialit\u00e9 - WordPress","robots":{"index":"index","follow":"follow","max-snippet":"max-snippet:-1","max-image-preview":"max-image-preview:large","max-video-preview":"max-video-preview:-1"},"canonical":"https:\/\/www.archersdemoreuil.fr\/index.php\/politique-de-confidentialite-2\/","og_locale":"en_US","og_type":"article","og_title":"Politique de confidentialit\u00e9 - WordPress","og_description":"1. Collecte des donn\u00e9esLors de votre visite sur ce site, certaines donn\u00e9es peuvent \u00eatre collect\u00e9es automatiquement (adresse IP, type de navigateur, temps de consultation, etc.).Lorsque vous nous contactez via un formulaire ou par email, vous pouvez \u00eatre amen\u00e9 \u00e0 fournir des donn\u00e9es personnelles (nom, pr\u00e9nom, email, t\u00e9l\u00e9phone). 2. Finalit\u00e9 des traitementsLes donn\u00e9es collect\u00e9es sont utilis\u00e9es uniquement pour : 3. Conservation des donn\u00e9esLes donn\u00e9es sont conserv\u00e9es uniquement le temps n\u00e9cessaire \u00e0 leur traitement administratif ou \u00e0 la gestion de la relation avec les adh\u00e9rents. 4. Partage des donn\u00e9esLes donn\u00e9es ne sont jamais revendues ni partag\u00e9es \u00e0 des tiers, sauf obligations l\u00e9gales (ex. autorit\u00e9s comp\u00e9tentes). 5. Droits des utilisateursConform\u00e9ment au RGPD et \u00e0 la loi \u201cInformatique et Libert\u00e9s\u201d, vous disposez d\u2019un droit d\u2019acc\u00e8s, de rectification, d\u2019opposition et de suppression de vos donn\u00e9es.Pour exercer vos droits : 6. CookiesLe site peut utiliser des cookies n\u00e9cessaires \u00e0 son fonctionnement ou \u00e0 l\u2019analyse statistique des visites. Vous pouvez param\u00e9trer votre navigateur pour refuser ou limiter leur utilisation.","og_url":"https:\/\/www.archersdemoreuil.fr\/index.php\/politique-de-confidentialite-2\/","og_site_name":"WordPress","twitter_card":"summary_large_image","twitter_misc":{"Est. reading time":"2 minutes"},"schema":{"@context":"https:\/\/schema.org","@graph":[{"@type":"WebPage","@id":"https:\/\/www.archersdemoreuil.fr\/index.php\/politique-de-confidentialite-2\/","url":"https:\/\/www.archersdemoreuil.fr\/index.php\/politique-de-confidentialite-2\/","name":"Politique de confidentialit\u00e9 - WordPress","isPartOf":{"@id":"https:\/\/www.archersdemoreuil.fr\/#website"},"datePublished":"2025-08-28T10:07:47+00:00","breadcrumb":{"@id":"https:\/\/www.archersdemoreuil.fr\/index.php\/politique-de-confidentialite-2\/#breadcrumb"},"inLanguage":"en-US","potentialAction":[{"@type":"ReadAction","target":["https:\/\/www.archersdemoreuil.fr\/index.php\/politique-de-confidentialite-2\/"]}]},{"@type":"BreadcrumbList","@id":"https:\/\/www.archersdemoreuil.fr\/index.php\/politique-de-confidentialite-2\/#breadcrumb","itemListElement":[{"@type":"ListItem","position":1,"name":"Accueil","item":"https:\/\/www.archersdemoreuil.fr\/"},{"@type":"ListItem","position":2,"name":"Politique de confidentialit\u00e9"}]},{"@type":"WebSite","@id":"https:\/\/www.archersdemoreuil.fr\/#website","url":"https:\/\/www.archersdemoreuil.fr\/","name":"WordPress","description":"Un site utilisant WordPress","potentialAction":[{"@type":"SearchAction","target":{"@type":"EntryPoint","urlTemplate":"https:\/\/www.archersdemoreuil.fr\/?s={search_term_string}"},"query-input":{"@type":"PropertyValueSpecification","valueRequired":true,"valueName":"search_term_string"}}],"inLanguage":"en-US"}]}},"_links":{"self":[{"href":"https:\/\/www.archersdemoreuil.fr\/index.php\/wp-json\/wp\/v2\/pages\/500","targetHints":{"allow":["GET"]}}],"collection":[{"href":"https:\/\/www.archersdemoreuil.fr\/index.php\/wp-json\/wp\/v2\/pages"}],"about":[{"href":"https:\/\/www.archersdemoreuil.fr\/index.php\/wp-json\/wp\/v2\/types\/page"}],"author":[{"embeddable":true,"href":"https:\/\/www.archersdemoreuil.fr\/index.php\/wp-json\/wp\/v2\/users\/1"}],"replies":[{"embeddable":true,"href":"https:\/\/www.archersdemoreuil.fr\/index.php\/wp-json\/wp\/v2\/comments?post=500"}],"version-history":[{"count":1,"href":"https:\/\/www.archersdemoreuil.fr\/index.php\/wp-json\/wp\/v2\/pages\/500\/revisions"}],"predecessor-version":[{"id":501,"href":"https:\/\/www.archersdemoreuil.fr\/index.php\/wp-json\/wp\/v2\/pages\/500\/revisions\/501"}],"wp:attachment":[{"href":"https:\/\/www.archersdemoreuil.fr\/index.php\/wp-json\/wp\/v2\/media?parent=500"}],"curies":[{"name":"wp","href":"https:\/\/api.w.org\/{rel}","templated":true}]}}