{"id":498,"date":"2025-08-28T12:05:38","date_gmt":"2025-08-28T10:05:38","guid":{"rendered":"https:\/\/www.archersdemoreuil.fr\/?page_id=498"},"modified":"2025-08-28T12:05:39","modified_gmt":"2025-08-28T10:05:39","slug":"mentions-legales","status":"publish","type":"page","link":"https:\/\/www.archersdemoreuil.fr\/index.php\/mentions-legales\/","title":{"rendered":"Mentions l\u00e9gales"},"content":{"rendered":"\n<p><strong>1. \u00c9diteur du site<\/strong><br>Le pr\u00e9sent site est \u00e9dit\u00e9 par l\u2019association&nbsp;<strong>Compagnie des Archers de Moreuil<\/strong>, association sportive loi 1901, affili\u00e9e \u00e0 la F\u00e9d\u00e9ration Fran\u00e7aise de Tir \u00e0 l\u2019Arc (FFTA).<br>Si\u00e8ge social : 71, rue Victor Gaillard \u2013 80110 Moreuil<br>Email : [adresse email du club]<br>T\u00e9l\u00e9phone : [num\u00e9ro du club]<br>Num\u00e9ro SIRET : [\u00e0 compl\u00e9ter si l\u2019association en poss\u00e8de un]<\/p>\n\n\n\n<p><strong>2. Directeur de la publication<\/strong><br>Le directeur de la publication est le pr\u00e9sident de l\u2019association, [Nom, Pr\u00e9nom du pr\u00e9sident].<\/p>\n\n\n\n<p><strong>3. H\u00e9bergeur<\/strong><br>Le site est h\u00e9berg\u00e9 par :<br>[Nom de l\u2019h\u00e9bergeur \u2013 ex. OVH, o2switch\u2026]<br>Adresse : [adresse de l\u2019h\u00e9bergeur]<br>T\u00e9l\u00e9phone : [num\u00e9ro de l\u2019h\u00e9bergeur]<\/p>\n\n\n\n<p><strong>4. Propri\u00e9t\u00e9 intellectuelle<\/strong><br>L\u2019ensemble des contenus pr\u00e9sents sur ce site (textes, images, logos, documents, etc.) est la propri\u00e9t\u00e9 exclusive de la Compagnie des Archers de Moreuil, sauf mention contraire.<br>Toute reproduction, diffusion ou modification sans autorisation est interdite.<\/p>\n\n\n\n<p><strong>5. Responsabilit\u00e9<\/strong><br>La Compagnie des Archers de Moreuil s\u2019efforce de fournir des informations exactes et mises \u00e0 jour, mais ne saurait \u00eatre tenue responsable d\u2019erreurs ou d\u2019omissions.<\/p>\n","protected":false},"excerpt":{"rendered":"<p>1. \u00c9diteur du siteLe pr\u00e9sent site est \u00e9dit\u00e9 par l\u2019association&nbsp;Compagnie des Archers de Moreuil, association sportive loi 1901, affili\u00e9e \u00e0 la F\u00e9d\u00e9ration Fran\u00e7aise de Tir \u00e0 l\u2019Arc (FFTA).Si\u00e8ge social : 71, rue Victor Gaillard \u2013 80110 MoreuilEmail : [adresse email du club]T\u00e9l\u00e9phone : [num\u00e9ro du club]Num\u00e9ro SIRET : [\u00e0 compl\u00e9ter si l\u2019association en poss\u00e8de un] 2. Directeur de la publicationLe directeur de la publication est le pr\u00e9sident de l\u2019association, [Nom, Pr\u00e9nom du pr\u00e9sident]. 3. H\u00e9bergeurLe site est h\u00e9berg\u00e9 par :[Nom de l\u2019h\u00e9bergeur \u2013 ex. OVH, o2switch\u2026]Adresse : [adresse de l\u2019h\u00e9bergeur]T\u00e9l\u00e9phone : [num\u00e9ro de l\u2019h\u00e9bergeur] 4. Propri\u00e9t\u00e9 intellectuelleL\u2019ensemble des contenus pr\u00e9sents sur ce site (textes, images, logos, documents, etc.) est la propri\u00e9t\u00e9 exclusive de la Compagnie des Archers de Moreuil, sauf mention contraire.Toute reproduction, diffusion ou modification sans autorisation est interdite. 5. Responsabilit\u00e9La Compagnie des Archers de Moreuil s\u2019efforce de fournir des informations exactes et mises \u00e0 jour, mais ne saurait \u00eatre tenue responsable d\u2019erreurs ou d\u2019omissions.<\/p>\n","protected":false},"author":1,"featured_media":0,"parent":0,"menu_order":0,"comment_status":"closed","ping_status":"closed","template":"","meta":{"_monsterinsights_skip_tracking":false,"_monsterinsights_sitenote_active":false,"_monsterinsights_sitenote_note":"","_monsterinsights_sitenote_category":0,"footnotes":""},"class_list":["post-498","page","type-page","status-publish","hentry"],"yoast_head":"<!-- This site is optimized with the Yoast SEO plugin v27.3 - https:\/\/yoast.com\/product\/yoast-seo-wordpress\/ -->\n<title>Mentions l\u00e9gales - WordPress<\/title>\n<meta name=\"robots\" content=\"index, follow, max-snippet:-1, max-image-preview:large, max-video-preview:-1\" \/>\n<link rel=\"canonical\" href=\"https:\/\/www.archersdemoreuil.fr\/index.php\/mentions-legales\/\" \/>\n<meta property=\"og:locale\" content=\"en_US\" \/>\n<meta property=\"og:type\" content=\"article\" \/>\n<meta property=\"og:title\" content=\"Mentions l\u00e9gales - WordPress\" \/>\n<meta property=\"og:description\" content=\"1. \u00c9diteur du siteLe pr\u00e9sent site est \u00e9dit\u00e9 par l\u2019association&nbsp;Compagnie des Archers de Moreuil, association sportive loi 1901, affili\u00e9e \u00e0 la F\u00e9d\u00e9ration Fran\u00e7aise de Tir \u00e0 l\u2019Arc (FFTA).Si\u00e8ge social : 71, rue Victor Gaillard \u2013 80110 MoreuilEmail : [adresse email du club]T\u00e9l\u00e9phone : [num\u00e9ro du club]Num\u00e9ro SIRET : [\u00e0 compl\u00e9ter si l\u2019association en poss\u00e8de un] 2. Directeur de la publicationLe directeur de la publication est le pr\u00e9sident de l\u2019association, [Nom, Pr\u00e9nom du pr\u00e9sident]. 3. H\u00e9bergeurLe site est h\u00e9berg\u00e9 par :[Nom de l\u2019h\u00e9bergeur \u2013 ex. OVH, o2switch\u2026]Adresse : [adresse de l\u2019h\u00e9bergeur]T\u00e9l\u00e9phone : [num\u00e9ro de l\u2019h\u00e9bergeur] 4. Propri\u00e9t\u00e9 intellectuelleL\u2019ensemble des contenus pr\u00e9sents sur ce site (textes, images, logos, documents, etc.) est la propri\u00e9t\u00e9 exclusive de la Compagnie des Archers de Moreuil, sauf mention contraire.Toute reproduction, diffusion ou modification sans autorisation est interdite. 5. Responsabilit\u00e9La Compagnie des Archers de Moreuil s\u2019efforce de fournir des informations exactes et mises \u00e0 jour, mais ne saurait \u00eatre tenue responsable d\u2019erreurs ou d\u2019omissions.\" \/>\n<meta property=\"og:url\" content=\"https:\/\/www.archersdemoreuil.fr\/index.php\/mentions-legales\/\" \/>\n<meta property=\"og:site_name\" content=\"WordPress\" \/>\n<meta property=\"article:modified_time\" content=\"2025-08-28T10:05:39+00:00\" \/>\n<meta name=\"twitter:card\" content=\"summary_large_image\" \/>\n<meta name=\"twitter:label1\" content=\"Est. reading time\" \/>\n\t<meta name=\"twitter:data1\" content=\"1 minute\" \/>\n<script type=\"application\/ld+json\" class=\"yoast-schema-graph\">{\"@context\":\"https:\\\/\\\/schema.org\",\"@graph\":[{\"@type\":\"WebPage\",\"@id\":\"https:\\\/\\\/www.archersdemoreuil.fr\\\/index.php\\\/mentions-legales\\\/\",\"url\":\"https:\\\/\\\/www.archersdemoreuil.fr\\\/index.php\\\/mentions-legales\\\/\",\"name\":\"Mentions l\u00e9gales - WordPress\",\"isPartOf\":{\"@id\":\"https:\\\/\\\/www.archersdemoreuil.fr\\\/#website\"},\"datePublished\":\"2025-08-28T10:05:38+00:00\",\"dateModified\":\"2025-08-28T10:05:39+00:00\",\"breadcrumb\":{\"@id\":\"https:\\\/\\\/www.archersdemoreuil.fr\\\/index.php\\\/mentions-legales\\\/#breadcrumb\"},\"inLanguage\":\"en-US\",\"potentialAction\":[{\"@type\":\"ReadAction\",\"target\":[\"https:\\\/\\\/www.archersdemoreuil.fr\\\/index.php\\\/mentions-legales\\\/\"]}]},{\"@type\":\"BreadcrumbList\",\"@id\":\"https:\\\/\\\/www.archersdemoreuil.fr\\\/index.php\\\/mentions-legales\\\/#breadcrumb\",\"itemListElement\":[{\"@type\":\"ListItem\",\"position\":1,\"name\":\"Accueil\",\"item\":\"https:\\\/\\\/www.archersdemoreuil.fr\\\/\"},{\"@type\":\"ListItem\",\"position\":2,\"name\":\"Mentions l\u00e9gales\"}]},{\"@type\":\"WebSite\",\"@id\":\"https:\\\/\\\/www.archersdemoreuil.fr\\\/#website\",\"url\":\"https:\\\/\\\/www.archersdemoreuil.fr\\\/\",\"name\":\"WordPress\",\"description\":\"Un site utilisant WordPress\",\"potentialAction\":[{\"@type\":\"SearchAction\",\"target\":{\"@type\":\"EntryPoint\",\"urlTemplate\":\"https:\\\/\\\/www.archersdemoreuil.fr\\\/?s={search_term_string}\"},\"query-input\":{\"@type\":\"PropertyValueSpecification\",\"valueRequired\":true,\"valueName\":\"search_term_string\"}}],\"inLanguage\":\"en-US\"}]}<\/script>\n<!-- \/ Yoast SEO plugin. -->","yoast_head_json":{"title":"Mentions l\u00e9gales - WordPress","robots":{"index":"index","follow":"follow","max-snippet":"max-snippet:-1","max-image-preview":"max-image-preview:large","max-video-preview":"max-video-preview:-1"},"canonical":"https:\/\/www.archersdemoreuil.fr\/index.php\/mentions-legales\/","og_locale":"en_US","og_type":"article","og_title":"Mentions l\u00e9gales - WordPress","og_description":"1. \u00c9diteur du siteLe pr\u00e9sent site est \u00e9dit\u00e9 par l\u2019association&nbsp;Compagnie des Archers de Moreuil, association sportive loi 1901, affili\u00e9e \u00e0 la F\u00e9d\u00e9ration Fran\u00e7aise de Tir \u00e0 l\u2019Arc (FFTA).Si\u00e8ge social : 71, rue Victor Gaillard \u2013 80110 MoreuilEmail : [adresse email du club]T\u00e9l\u00e9phone : [num\u00e9ro du club]Num\u00e9ro SIRET : [\u00e0 compl\u00e9ter si l\u2019association en poss\u00e8de un] 2. Directeur de la publicationLe directeur de la publication est le pr\u00e9sident de l\u2019association, [Nom, Pr\u00e9nom du pr\u00e9sident]. 3. H\u00e9bergeurLe site est h\u00e9berg\u00e9 par :[Nom de l\u2019h\u00e9bergeur \u2013 ex. OVH, o2switch\u2026]Adresse : [adresse de l\u2019h\u00e9bergeur]T\u00e9l\u00e9phone : [num\u00e9ro de l\u2019h\u00e9bergeur] 4. Propri\u00e9t\u00e9 intellectuelleL\u2019ensemble des contenus pr\u00e9sents sur ce site (textes, images, logos, documents, etc.) est la propri\u00e9t\u00e9 exclusive de la Compagnie des Archers de Moreuil, sauf mention contraire.Toute reproduction, diffusion ou modification sans autorisation est interdite. 5. Responsabilit\u00e9La Compagnie des Archers de Moreuil s\u2019efforce de fournir des informations exactes et mises \u00e0 jour, mais ne saurait \u00eatre tenue responsable d\u2019erreurs ou d\u2019omissions.","og_url":"https:\/\/www.archersdemoreuil.fr\/index.php\/mentions-legales\/","og_site_name":"WordPress","article_modified_time":"2025-08-28T10:05:39+00:00","twitter_card":"summary_large_image","twitter_misc":{"Est. reading time":"1 minute"},"schema":{"@context":"https:\/\/schema.org","@graph":[{"@type":"WebPage","@id":"https:\/\/www.archersdemoreuil.fr\/index.php\/mentions-legales\/","url":"https:\/\/www.archersdemoreuil.fr\/index.php\/mentions-legales\/","name":"Mentions l\u00e9gales - WordPress","isPartOf":{"@id":"https:\/\/www.archersdemoreuil.fr\/#website"},"datePublished":"2025-08-28T10:05:38+00:00","dateModified":"2025-08-28T10:05:39+00:00","breadcrumb":{"@id":"https:\/\/www.archersdemoreuil.fr\/index.php\/mentions-legales\/#breadcrumb"},"inLanguage":"en-US","potentialAction":[{"@type":"ReadAction","target":["https:\/\/www.archersdemoreuil.fr\/index.php\/mentions-legales\/"]}]},{"@type":"BreadcrumbList","@id":"https:\/\/www.archersdemoreuil.fr\/index.php\/mentions-legales\/#breadcrumb","itemListElement":[{"@type":"ListItem","position":1,"name":"Accueil","item":"https:\/\/www.archersdemoreuil.fr\/"},{"@type":"ListItem","position":2,"name":"Mentions l\u00e9gales"}]},{"@type":"WebSite","@id":"https:\/\/www.archersdemoreuil.fr\/#website","url":"https:\/\/www.archersdemoreuil.fr\/","name":"WordPress","description":"Un site utilisant WordPress","potentialAction":[{"@type":"SearchAction","target":{"@type":"EntryPoint","urlTemplate":"https:\/\/www.archersdemoreuil.fr\/?s={search_term_string}"},"query-input":{"@type":"PropertyValueSpecification","valueRequired":true,"valueName":"search_term_string"}}],"inLanguage":"en-US"}]}},"_links":{"self":[{"href":"https:\/\/www.archersdemoreuil.fr\/index.php\/wp-json\/wp\/v2\/pages\/498","targetHints":{"allow":["GET"]}}],"collection":[{"href":"https:\/\/www.archersdemoreuil.fr\/index.php\/wp-json\/wp\/v2\/pages"}],"about":[{"href":"https:\/\/www.archersdemoreuil.fr\/index.php\/wp-json\/wp\/v2\/types\/page"}],"author":[{"embeddable":true,"href":"https:\/\/www.archersdemoreuil.fr\/index.php\/wp-json\/wp\/v2\/users\/1"}],"replies":[{"embeddable":true,"href":"https:\/\/www.archersdemoreuil.fr\/index.php\/wp-json\/wp\/v2\/comments?post=498"}],"version-history":[{"count":1,"href":"https:\/\/www.archersdemoreuil.fr\/index.php\/wp-json\/wp\/v2\/pages\/498\/revisions"}],"predecessor-version":[{"id":499,"href":"https:\/\/www.archersdemoreuil.fr\/index.php\/wp-json\/wp\/v2\/pages\/498\/revisions\/499"}],"wp:attachment":[{"href":"https:\/\/www.archersdemoreuil.fr\/index.php\/wp-json\/wp\/v2\/media?parent=498"}],"curies":[{"name":"wp","href":"https:\/\/api.w.org\/{rel}","templated":true}]}}